{"id":75,"date":"2020-01-27T08:29:32","date_gmt":"2020-01-27T11:29:32","guid":{"rendered":"https:\/\/demosites.io\/web-agency-gb\/?page_id=75"},"modified":"2023-10-04T20:48:51","modified_gmt":"2023-10-04T23:48:51","slug":"contato","status":"publish","type":"page","link":"https:\/\/paisparasempre.com.br\/index.php\/contato\/","title":{"rendered":"Contato"},"content":{"rendered":"\n<div class=\"wp-block-cover alignfull\" style=\"min-height:300px\"><span aria-hidden=\"true\" class=\"wp-block-cover__background has-nv-site-bg-background-color has-background-dim-100 has-background-dim\"><\/span><div class=\"wp-block-cover__inner-container is-layout-flow wp-block-cover-is-layout-flow\">\n<div class=\"wp-block-group is-layout-flow wp-block-group-is-layout-flow\"><div class=\"wp-block-group__inner-container\">\n<h1 class=\"wp-block-heading has-text-align-left has-neve-text-color-color has-text-color\">Nossos encontros<\/h1>\n<\/div><\/div>\n<\/div><\/div>\n\n\n\n<div class=\"wp-block-cover alignfull\" style=\"min-height:420px\"><span aria-hidden=\"true\" class=\"wp-block-cover__background has-nv-light-bg-background-color has-background-dim-100 has-background-dim\"><\/span><div class=\"wp-block-cover__inner-container is-layout-flow wp-block-cover-is-layout-flow\">\n<div style=\"height:80px\" aria-hidden=\"true\" class=\"wp-block-spacer\"><\/div>\n\n\n\n<div class=\"wp-block-columns is-layout-flex wp-container-5 wp-block-columns-is-layout-flex\">\n<div class=\"wp-block-column ticss-f6fc7494 is-layout-flow wp-block-column-is-layout-flow\">\n<p class=\"has-neve-text-color-color has-text-color\">O acolhimento dos grupos \u00e9 mediado por Gislaine Marquesone, Psic\u00f3loga cl\u00ednica (CRP 08\/17486). Especialista em Gestalt-Terapia. Forma\u00e7\u00f5es em Psicologia Perinatal e Parental, Humaniza\u00e7\u00e3o do luto Perinatal e Psicoterapia do Luto. Coordenadora e Idealizadora desde projeto.<br><br><strong>Grupo de Apoio (Mensalmente)<\/strong><br>&#8211; Grupo de M\u00e3es e\/ou Casais Online<br>&#8211; Grupo de M\u00e3es e\/ou Casais Presencial em Maring\u00e1-PR<br><br><strong>Grupos Terap\u00eauticos:<\/strong> Encontros mais aprofundados sobre viver ap\u00f3s a partida de um filho.<br><br><strong>Atendimento Psicoterap\u00eautico Individual\/Casal<br><\/strong>&#8211; Acompanhamento psicol\u00f3gico na gravidez de risco<br>&#8211; Atendimento no luto antecipat\u00f3rio<br>&#8211; Acolhimento ap\u00f3s perda<br>&#8211; Psicoterapia de Casal<br>&#8211; Psicoterapia do luto<br>&#8211; Pr\u00e9-natal psicol\u00f3gico para nova gesta\u00e7\u00e3o<\/p>\n<\/div>\n\n\n\n<div class=\"wp-block-column ticss-a5b4df29 is-layout-flow wp-block-column-is-layout-flow\">\n<figure class=\"wp-block-image size-large\"><img decoding=\"async\" loading=\"lazy\" width=\"1024\" height=\"683\" src=\"https:\/\/paisparasempre.com.br\/wp-content\/uploads\/2023\/10\/024-Semana-de-Sensibilizacao-Maringa-PR-07-09-2023-1024x683.jpg\" alt=\"\" class=\"wp-image-387\" srcset=\"https:\/\/paisparasempre.com.br\/wp-content\/uploads\/2023\/10\/024-Semana-de-Sensibilizacao-Maringa-PR-07-09-2023-1024x683.jpg 1024w, https:\/\/paisparasempre.com.br\/wp-content\/uploads\/2023\/10\/024-Semana-de-Sensibilizacao-Maringa-PR-07-09-2023-300x200.jpg 300w, https:\/\/paisparasempre.com.br\/wp-content\/uploads\/2023\/10\/024-Semana-de-Sensibilizacao-Maringa-PR-07-09-2023-768x512.jpg 768w, https:\/\/paisparasempre.com.br\/wp-content\/uploads\/2023\/10\/024-Semana-de-Sensibilizacao-Maringa-PR-07-09-2023-1536x1024.jpg 1536w, https:\/\/paisparasempre.com.br\/wp-content\/uploads\/2023\/10\/024-Semana-de-Sensibilizacao-Maringa-PR-07-09-2023-2048x1365.jpg 2048w, https:\/\/paisparasempre.com.br\/wp-content\/uploads\/2023\/10\/024-Semana-de-Sensibilizacao-Maringa-PR-07-09-2023-930x620.jpg 930w\" sizes=\"(max-width: 1024px) 100vw, 1024px\" \/><\/figure>\n<\/div>\n<\/div>\n\n\n\n<div style=\"height:30px\" aria-hidden=\"true\" class=\"wp-block-spacer\"><\/div>\n<\/div><\/div>\n\n\n\n<div class=\"wp-block-cover alignfull\" style=\"min-height:171px\"><span aria-hidden=\"true\" class=\"wp-block-cover__background has-nv-site-bg-background-color has-background-dim-100 has-background-dim\"><\/span><div class=\"wp-block-cover__inner-container is-layout-flow wp-block-cover-is-layout-flow\">\n<div class=\"wp-block-group is-layout-flow wp-block-group-is-layout-flow\"><div class=\"wp-block-group__inner-container\">\n<h1 class=\"wp-block-heading has-text-align-left has-neve-text-color-color has-text-color\">Onde nos encontrar<\/h1>\n<\/div><\/div>\n<\/div><\/div>\n\n\n\n<div class=\"wp-block-cover alignfull\" style=\"min-height:357px\"><span aria-hidden=\"true\" class=\"wp-block-cover__background has-nv-light-bg-background-color has-background-dim-100 has-background-dim\"><\/span><div class=\"wp-block-cover__inner-container is-layout-flow wp-block-cover-is-layout-flow\">\n<div class=\"wp-block-columns is-layout-flex wp-container-10 wp-block-columns-is-layout-flex\">\n<div class=\"wp-block-column ticss-f6fc7494 is-layout-flow wp-block-column-is-layout-flow\">\n<p class=\"has-neve-text-color-color has-text-color\"><strong>Atendimento On-line e presencial em Maring\u00e1.<\/strong><\/p>\n\n\n\n<p class=\"has-neve-text-color-color has-text-color\"><i class=\"fas fa-map-marker-alt\"><\/i><strong> Endere\u00e7o:<\/strong> Rua N\u00e9o Alves Martins, 3176 \u2013 1 Andar \u2013 Sala 11<br><i class=\"fas fa-phone\"><\/i><strong> Telefone\/Whats:<\/strong> (44) 99926-1250<br><i class=\"fab fa-whatsapp\"><\/i><strong> Grupo WhatsApp:<\/strong>  <a rel=\"noreferrer noopener\" href=\"https:\/\/chat.whatsapp.com\/LLdYwFqlPWFI3S5G7gl5hi\" data-type=\"link\" data-id=\"https:\/\/chat.whatsapp.com\/LLdYwFqlPWFI3S5G7gl5hi\" target=\"_blank\">Grupo Pais Para Sempre<\/a><br><i class=\"fab fa-instagram\"><\/i><strong> Instagram:<\/strong> @pais.parasempre<br><i class=\"fab fa-instagram\"><\/i><strong> Instagram:<\/strong> @psi.gislainemarquesone<br><i class=\"far fa-envelope\"><\/i><strong> Email:<\/strong> grupopaisparasempre@gmail.com<\/p>\n<\/div>\n<\/div>\n<\/div><\/div>\n\n\n\n<div id=\"wp-block-themeisle-blocks-advanced-columns-54510d41\" class=\"wp-block-themeisle-blocks-advanced-columns has-1-columns has-desktop-equal-layout has-tablet-equal-layout has-mobile-equal-layout has-vertical-unset\"><div class=\"wp-block-themeisle-blocks-advanced-columns-overlay\"><\/div><div class=\"innerblocks-wrap\">\n<div id=\"wp-block-themeisle-blocks-advanced-column-44c30a97\" class=\"wp-block-themeisle-blocks-advanced-column\"><\/div>\n<\/div><\/div>\n","protected":false},"excerpt":{"rendered":"","protected":false},"author":1,"featured_media":0,"parent":0,"menu_order":0,"comment_status":"closed","ping_status":"closed","template":"","meta":{"neve_meta_sidebar":"default","neve_meta_container":"","neve_meta_enable_content_width":"on","neve_meta_content_width":100,"neve_meta_title_alignment":"","neve_meta_author_avatar":"","neve_post_elements_order":"","neve_meta_disable_header":"","neve_meta_disable_footer":"","neve_meta_disable_title":"on","_themeisle_gutenberg_block_has_review":false,"footnotes":""},"_links":{"self":[{"href":"https:\/\/paisparasempre.com.br\/index.php\/wp-json\/wp\/v2\/pages\/75"}],"collection":[{"href":"https:\/\/paisparasempre.com.br\/index.php\/wp-json\/wp\/v2\/pages"}],"about":[{"href":"https:\/\/paisparasempre.com.br\/index.php\/wp-json\/wp\/v2\/types\/page"}],"author":[{"embeddable":true,"href":"https:\/\/paisparasempre.com.br\/index.php\/wp-json\/wp\/v2\/users\/1"}],"replies":[{"embeddable":true,"href":"https:\/\/paisparasempre.com.br\/index.php\/wp-json\/wp\/v2\/comments?post=75"}],"version-history":[{"count":17,"href":"https:\/\/paisparasempre.com.br\/index.php\/wp-json\/wp\/v2\/pages\/75\/revisions"}],"predecessor-version":[{"id":739,"href":"https:\/\/paisparasempre.com.br\/index.php\/wp-json\/wp\/v2\/pages\/75\/revisions\/739"}],"wp:attachment":[{"href":"https:\/\/paisparasempre.com.br\/index.php\/wp-json\/wp\/v2\/media?parent=75"}],"curies":[{"name":"wp","href":"https:\/\/api.w.org\/{rel}","templated":true}]}}