{"id":61,"date":"2023-10-03T18:21:52","date_gmt":"2023-10-03T21:21:52","guid":{"rendered":"https:\/\/demosites.io\/web-agency-gb\/?page_id=61"},"modified":"2023-10-04T20:33:10","modified_gmt":"2023-10-04T23:33:10","slug":"sobre","status":"publish","type":"page","link":"https:\/\/paisparasempre.com.br\/index.php\/sobre\/","title":{"rendered":"Sobre"},"content":{"rendered":"\n<div class=\"wp-block-cover alignfull\" style=\"min-height:300px\"><span aria-hidden=\"true\" class=\"wp-block-cover__background has-nv-site-bg-background-color has-background-dim-100 has-background-dim\"><\/span><div class=\"wp-block-cover__inner-container is-layout-flow wp-block-cover-is-layout-flow\">\n<div class=\"wp-block-group is-layout-flow wp-block-group-is-layout-flow\"><div class=\"wp-block-group__inner-container\">\n<h1 class=\"wp-block-heading has-text-align-left has-neve-text-color-color has-text-color\">Sobre<\/h1>\n<\/div><\/div>\n<\/div><\/div>\n\n\n\n<div class=\"wp-block-cover alignfull\" style=\"min-height:600px\"><span aria-hidden=\"true\" class=\"wp-block-cover__background has-nv-light-bg-background-color has-background-dim-100 has-background-dim\"><\/span><div class=\"wp-block-cover__inner-container is-layout-flow wp-block-cover-is-layout-flow\">\n<div class=\"wp-block-group is-layout-flow wp-block-group-is-layout-flow\"><div class=\"wp-block-group__inner-container\">\n<div style=\"height:80px\" aria-hidden=\"true\" class=\"wp-block-spacer\"><\/div>\n\n\n\n<div class=\"wp-block-columns are-vertically-aligned-center has-neve-text-color-color has-text-color is-layout-flex wp-container-5 wp-block-columns-is-layout-flex\">\n<div class=\"wp-block-column is-vertically-aligned-center is-layout-flow wp-block-column-is-layout-flow\" style=\"flex-basis:50%\">\n<figure class=\"wp-block-image size-large\"><img decoding=\"async\" loading=\"lazy\" width=\"689\" height=\"1024\" src=\"https:\/\/paisparasempre.com.br\/wp-content\/uploads\/2023\/10\/quem-somos-689x1024.jpeg\" alt=\"\" class=\"wp-image-727\" srcset=\"https:\/\/paisparasempre.com.br\/wp-content\/uploads\/2023\/10\/quem-somos-689x1024.jpeg 689w, https:\/\/paisparasempre.com.br\/wp-content\/uploads\/2023\/10\/quem-somos-202x300.jpeg 202w, https:\/\/paisparasempre.com.br\/wp-content\/uploads\/2023\/10\/quem-somos-768x1142.jpeg 768w, https:\/\/paisparasempre.com.br\/wp-content\/uploads\/2023\/10\/quem-somos.jpeg 847w\" sizes=\"(max-width: 689px) 100vw, 689px\" \/><\/figure>\n<\/div>\n\n\n\n<div class=\"wp-block-column is-vertically-aligned-center is-layout-flow wp-block-column-is-layout-flow\" style=\"flex-basis:50%\">\n<h2 class=\"wp-block-heading has-neve-text-color-color has-text-color\">Quem somos?<\/h2>\n\n\n\n<p class=\"has-neve-text-color-color has-text-color\">Pais Para Sempre \u00e9 um projeto criado para acolher casais e fam\u00edlias que viveram ou est\u00e3o vivendo a perda de um filho no in\u00edcio da vida, seja durante a gesta\u00e7\u00e3o (em qualquer per\u00edodo) ou ap\u00f3s o nascimento.<\/p>\n\n\n\n<p>O exerc\u00edcio dos cuidados e a concretiza\u00e7\u00e3o deste filho nos bra\u00e7os foi sim interrompida, e isso \u00e9 muito dolorido. Mas sua maternidade e paternidade s\u00e3o irrevog\u00e1veis.<\/p>\n\n\n\n<p>Cuidar das mem\u00f3rias de vida \u00e9 dar um lugar para seu filho(a) no cora\u00e7\u00e3o. \u00c9 integrar dentro de voc\u00ea uma parte que jamais deixar\u00e1 de existir, porque o imenso amor que voc\u00ea sente n\u00e3o depende de tempo e sim da exist\u00eancia!<\/p>\n\n\n\n<p>N\u00e3o importa se ouviram ou n\u00e3o o cora\u00e7\u00e3o do seu beb\u00ea. N\u00e3o importa quanto tempo ele esteve com voc\u00eas. Se puderam peg\u00e1-lo no colo ou n\u00e3o. N\u00e3o importa quanto tempo faz que ele partiu.<\/p>\n\n\n\n<p>O que realmente importa \u00e9 que voc\u00eas s\u00e3o Pais para Sempre!<\/p>\n\n\n\n<p><strong>Gislaine Marquesone<\/strong>, Psic\u00f3loga cl\u00ednica &#8211; CRP 08\/17486<\/p>\n<\/div>\n<\/div>\n\n\n\n<div style=\"height:40px\" aria-hidden=\"true\" class=\"wp-block-spacer\"><\/div>\n<\/div><\/div>\n<\/div><\/div>\n\n\n\n<div class=\"wp-block-cover alignfull\" style=\"min-height:600px\"><span aria-hidden=\"true\" class=\"wp-block-cover__background has-nv-dark-bg-background-color has-background-dim-100 has-background-dim\"><\/span><div class=\"wp-block-cover__inner-container is-layout-flow wp-block-cover-is-layout-flow\">\n<div class=\"wp-block-group is-layout-flow wp-block-group-is-layout-flow\"><div class=\"wp-block-group__inner-container\">\n<div style=\"height:80px\" aria-hidden=\"true\" class=\"wp-block-spacer\"><\/div>\n\n\n\n<div class=\"wp-block-columns are-vertically-aligned-center is-layout-flex wp-container-11 wp-block-columns-is-layout-flex\">\n<div class=\"wp-block-column is-vertically-aligned-center is-layout-flow wp-block-column-is-layout-flow\" style=\"flex-basis:50%\">\n<h2 class=\"wp-block-heading has-nv-text-dark-bg-color has-text-color\">Queremos te ajudar<\/h2>\n\n\n\n<p class=\"has-nv-text-dark-bg-color has-text-color\">O grupo de apoio Pais Para Sempre \u00e9 um espa\u00e7o para compartilhar a dor, mas sobretudo as mem\u00f3rias da exist\u00eancia do filho que partiu e do processo de viver ap\u00f3s a perda.<\/p>\n\n\n\n<p>Primeiramente porque viver o processo de luto \u00e9 uma travessia necess\u00e1ria. N\u00e3o se supera ou se esquece a partida de um filho.<\/p>\n\n\n\n<p>Enlutar \u00e9 recolher a dor, mas tamb\u00e9m os sonhos, esperan\u00e7as, expectativas vividas, que n\u00e3o deixam de existir e que podem ser adaptadas e ressignificadas para uma vida saud\u00e1vel.<\/p>\n\n\n\n<p>O grupo \u00e9 um espa\u00e7o facilitador desta viv\u00eancia.<\/p>\n\n\n\n<p>A identifica\u00e7\u00e3o com outras hist\u00f3rias fortalece a viv\u00eancia pessoal, contribuindo com um olhar mais generoso com a pr\u00f3pria dor e travessia do luto.<\/p>\n\n\n\n<div style=\"height:20px\" aria-hidden=\"true\" class=\"wp-block-spacer\"><\/div>\n\n\n\n<div class=\"wp-block-buttons is-layout-flex wp-block-buttons-is-layout-flex\">\n<div class=\"wp-block-button is-style-primary\"><a class=\"wp-block-button__link wp-element-button\" href=\"https:\/\/paisparasempre.com.br\/index.php\/contato\/\">PARTICIPE<\/a><\/div>\n<\/div>\n\n\n\n<div style=\"height:20px\" aria-hidden=\"true\" class=\"wp-block-spacer\"><\/div>\n<\/div>\n\n\n\n<div class=\"wp-block-column is-vertically-aligned-center is-layout-flow wp-block-column-is-layout-flow\" style=\"flex-basis:50%\">\n<figure class=\"wp-block-image size-full\"><img decoding=\"async\" loading=\"lazy\" width=\"800\" height=\"533\" src=\"https:\/\/paisparasempre.com.br\/wp-content\/uploads\/2023\/10\/119-Semana-de-Sensibilizacao-Maringa-PR-07-09-2023.jpg\" alt=\"\" class=\"wp-image-729\" srcset=\"https:\/\/paisparasempre.com.br\/wp-content\/uploads\/2023\/10\/119-Semana-de-Sensibilizacao-Maringa-PR-07-09-2023.jpg 800w, https:\/\/paisparasempre.com.br\/wp-content\/uploads\/2023\/10\/119-Semana-de-Sensibilizacao-Maringa-PR-07-09-2023-300x200.jpg 300w, https:\/\/paisparasempre.com.br\/wp-content\/uploads\/2023\/10\/119-Semana-de-Sensibilizacao-Maringa-PR-07-09-2023-768x512.jpg 768w\" sizes=\"(max-width: 800px) 100vw, 800px\" \/><\/figure>\n<\/div>\n<\/div>\n\n\n\n<div style=\"height:40px\" aria-hidden=\"true\" class=\"wp-block-spacer\"><\/div>\n<\/div><\/div>\n<\/div><\/div>\n","protected":false},"excerpt":{"rendered":"","protected":false},"author":1,"featured_media":0,"parent":0,"menu_order":0,"comment_status":"closed","ping_status":"closed","template":"","meta":{"neve_meta_sidebar":"default","neve_meta_container":"default","neve_meta_enable_content_width":"on","neve_meta_content_width":100,"neve_meta_title_alignment":"","neve_meta_author_avatar":"","neve_post_elements_order":"","neve_meta_disable_header":"","neve_meta_disable_footer":"","neve_meta_disable_title":"on","_themeisle_gutenberg_block_has_review":false,"footnotes":""},"_links":{"self":[{"href":"https:\/\/paisparasempre.com.br\/index.php\/wp-json\/wp\/v2\/pages\/61"}],"collection":[{"href":"https:\/\/paisparasempre.com.br\/index.php\/wp-json\/wp\/v2\/pages"}],"about":[{"href":"https:\/\/paisparasempre.com.br\/index.php\/wp-json\/wp\/v2\/types\/page"}],"author":[{"embeddable":true,"href":"https:\/\/paisparasempre.com.br\/index.php\/wp-json\/wp\/v2\/users\/1"}],"replies":[{"embeddable":true,"href":"https:\/\/paisparasempre.com.br\/index.php\/wp-json\/wp\/v2\/comments?post=61"}],"version-history":[{"count":9,"href":"https:\/\/paisparasempre.com.br\/index.php\/wp-json\/wp\/v2\/pages\/61\/revisions"}],"predecessor-version":[{"id":730,"href":"https:\/\/paisparasempre.com.br\/index.php\/wp-json\/wp\/v2\/pages\/61\/revisions\/730"}],"wp:attachment":[{"href":"https:\/\/paisparasempre.com.br\/index.php\/wp-json\/wp\/v2\/media?parent=61"}],"curies":[{"name":"wp","href":"https:\/\/api.w.org\/{rel}","templated":true}]}}